{"id":111,"date":"2025-10-29T17:33:51","date_gmt":"2025-10-29T17:33:51","guid":{"rendered":"http:\/\/bsj-lige.local\/?page_id=111"},"modified":"2025-11-19T14:47:24","modified_gmt":"2025-11-19T14:47:24","slug":"bienvenue-sur-notre-site","status":"publish","type":"page","link":"https:\/\/bansenjukuliege.be\/","title":{"rendered":"Bienvenue sur notre site !"},"content":{"rendered":"\n<p>Ban Sen Juku Li\u00e8ge a.s.b.l. est un dojo situ\u00e9 au coeur de Li\u00e8ge, dans le quartier du Laveu, o\u00f9 sont pratiqu\u00e9s l&rsquo;a\u00efkido et l&rsquo;ia\u00efdo depuis 2011. Il appartient \u00e0 l&rsquo;\u00e9cole Ban Sen Juku, fond\u00e9e en 1988 par Tomita Seiji Shihan, 8e dan. Bienvenue \u00e0 toutes et tous !<\/p>\n","protected":false},"excerpt":{"rendered":"<p>Ban Sen Juku Li\u00e8ge a.s.b.l. est un dojo situ\u00e9 au coeur de Li\u00e8ge, dans le quartier du Laveu, o\u00f9 sont pratiqu\u00e9s l&rsquo;a\u00efkido et l&rsquo;ia\u00efdo depuis 2011. Il appartient \u00e0 l&rsquo;\u00e9cole Ban Sen Juku, fond\u00e9e en 1988 par Tomita Seiji Shihan, 8e dan. Bienvenue \u00e0 toutes et tous !<\/p>\n","protected":false},"author":1,"featured_media":0,"parent":0,"menu_order":0,"comment_status":"closed","ping_status":"closed","template":"","meta":{"footnotes":""},"class_list":["post-111","page","type-page","status-publish","hentry"],"_links":{"self":[{"href":"https:\/\/bansenjukuliege.be\/index.php\/wp-json\/wp\/v2\/pages\/111","targetHints":{"allow":["GET"]}}],"collection":[{"href":"https:\/\/bansenjukuliege.be\/index.php\/wp-json\/wp\/v2\/pages"}],"about":[{"href":"https:\/\/bansenjukuliege.be\/index.php\/wp-json\/wp\/v2\/types\/page"}],"author":[{"embeddable":true,"href":"https:\/\/bansenjukuliege.be\/index.php\/wp-json\/wp\/v2\/users\/1"}],"replies":[{"embeddable":true,"href":"https:\/\/bansenjukuliege.be\/index.php\/wp-json\/wp\/v2\/comments?post=111"}],"version-history":[{"count":2,"href":"https:\/\/bansenjukuliege.be\/index.php\/wp-json\/wp\/v2\/pages\/111\/revisions"}],"predecessor-version":[{"id":190,"href":"https:\/\/bansenjukuliege.be\/index.php\/wp-json\/wp\/v2\/pages\/111\/revisions\/190"}],"wp:attachment":[{"href":"https:\/\/bansenjukuliege.be\/index.php\/wp-json\/wp\/v2\/media?parent=111"}],"curies":[{"name":"wp","href":"https:\/\/api.w.org\/{rel}","templated":true}]}}