{"id":14,"date":"2025-10-28T13:28:10","date_gmt":"2025-10-28T13:28:10","guid":{"rendered":"http:\/\/bsj-lige.local\/?page_id=7"},"modified":"2025-11-12T09:23:15","modified_gmt":"2025-11-12T09:23:15","slug":"laikido","status":"publish","type":"page","link":"https:\/\/bansenjukuliege.be\/index.php\/laikido\/","title":{"rendered":"L&rsquo;a\u00efkido"},"content":{"rendered":"<div class=\"wp-block-image\">\n<figure class=\"aligncenter size-full\"><img loading=\"lazy\" decoding=\"async\" width=\"338\" height=\"138\" src=\"https:\/\/bansenjukuliege.be\/wp-content\/uploads\/2025\/11\/kanji_aikido_hor.png\" alt=\"\" class=\"wp-image-133\" srcset=\"https:\/\/bansenjukuliege.be\/wp-content\/uploads\/2025\/11\/kanji_aikido_hor.png 338w, https:\/\/bansenjukuliege.be\/wp-content\/uploads\/2025\/11\/kanji_aikido_hor-300x122.png 300w\" sizes=\"auto, (max-width: 338px) 100vw, 338px\" \/><figcaption class=\"wp-element-caption\">                                                         Ai-ki-do<\/figcaption><\/figure>\n<\/div>\n\n\n<p>L&rsquo;a\u00efkido est un art martial traditionnel japonais consistant \u00e0 prendre l&rsquo;\u00e9quilibre de l&rsquo;adversaire et \u00e0 coop\u00e9rer dans la force de l&rsquo;attaque. Lorsque nous nous unifions avec l&rsquo;attaquant, nous pouvons contr\u00f4ler son corps comme s&rsquo;il s&rsquo;agissait du n\u00f4tre.<\/p>\n\n\n<div class=\"wp-block-image\">\n<figure class=\"aligncenter size-large is-resized\"><a href=\"https:\/\/www.youtube.com\/watch?v=-OEyBtNRXMk&amp;list=PLrTnh3v7X3Ur3OfWhQhAsnoD0thXiIojg\" target=\"_blank\" rel=\" noreferrer noopener\"><img loading=\"lazy\" decoding=\"async\" width=\"1024\" height=\"576\" src=\"https:\/\/bansenjukuliege.be\/wp-content\/uploads\/2025\/11\/daruma_youtube-1024x576.jpg\" alt=\"\" class=\"wp-image-134\" style=\"width:390px;height:auto\" srcset=\"https:\/\/bansenjukuliege.be\/wp-content\/uploads\/2025\/11\/daruma_youtube-1024x576.jpg 1024w, https:\/\/bansenjukuliege.be\/wp-content\/uploads\/2025\/11\/daruma_youtube-300x169.jpg 300w, https:\/\/bansenjukuliege.be\/wp-content\/uploads\/2025\/11\/daruma_youtube-768x432.jpg 768w, https:\/\/bansenjukuliege.be\/wp-content\/uploads\/2025\/11\/daruma_youtube-1536x865.jpg 1536w, https:\/\/bansenjukuliege.be\/wp-content\/uploads\/2025\/11\/daruma_youtube.jpg 1805w\" sizes=\"auto, (max-width: 767px) 89vw, (max-width: 1000px) 54vw, (max-width: 1071px) 543px, 580px\" \/><\/a><figcaption class=\"wp-element-caption\">Ma\u00eftre Tomita nous parle de l&rsquo;essence de l&rsquo;a\u00efkido  (source : cha\u00eene \u00ab&nbsp;Ban Sen Juku Aikido&nbsp;\u00bb)<\/figcaption><\/figure>\n<\/div>\n\n\n<p class=\"has-text-align-left\">Pour y parvenir, nous devons \u00eatre capables d&rsquo;\u00e9valuer calmement la situation et de contr\u00f4ler notre corps et notre esprit. C&rsquo;est pourquoi l&rsquo;a\u00efkido accorde une grande importance \u00e0 la posture et \u00e0 la respiration. En outre, une souplesse d\u00e9tendue se d\u00e9veloppe progressivement.<\/p>\n\n\n\n<p>De nombreux mouvements de l&rsquo;a\u00efkido sont issus de l&rsquo;art japonais du sabre. Afin de bien ma\u00eetriser ces mouvements, nous entra\u00eenons r\u00e9guli\u00e8rement avec des armes, telles que le sabre en bois (<em>bokuto<\/em>, \u6728\u5200), le b\u00e2ton (<em>jo<\/em>, \u6756) et le couteau (<em>tanto<\/em>, \u77ed\u5200).<\/p>\n\n\n\n<h3 class=\"wp-block-heading\">Ouvert \u00e0 tout le monde<\/h3>\n\n\n\n<p>Comme il ne repose pas sur la force musculaire, l&rsquo;a\u00efkido peut \u00eatre pratiqu\u00e9 par presque tout le monde, hommes et femmes confondus. Bien s\u00fbr, il faut bouger, l&rsquo;a\u00efkido comporte forc\u00e9ment une dimension physique. Mais ce n&rsquo;est pas l&rsquo;exploit sportif qui est recherch\u00e9. Ce qui compte, c&rsquo;est que chacun\u00b7e puisse s&rsquo;y retrouver, selon ses comp\u00e9tences et ses limites du moment. Si vous pouvez marcher, vous pouvez pratiquer l&rsquo;a\u00efkido.<\/p>\n\n\n\n<h3 class=\"wp-block-heading\">O Sensei<\/h3>\n\n\n\n<p>L&rsquo;a\u00efkido, un art martial issu des riches traditions japonaises, a \u00e9t\u00e9 d\u00e9velopp\u00e9 par O Sensei Ueshiba Morihei (Grand Ma\u00eetre) sur une p\u00e9riode de plus de 60 ans.<\/p>\n\n\n\n<p>N\u00e9 le 14 d\u00e9cembre 1883 et d\u00e9c\u00e9d\u00e9 le 26 avril 1969, O Sensei \u00e9tait l&rsquo;\u00e9l\u00e8ve de Sakaku Takeda, chef du Daito Ryu Jujutsu, une \u00e9cole issue d&rsquo;une tradition samoura\u00ef vieille de 900 ans.<\/p>\n\n\n<div class=\"wp-block-image\">\n<figure class=\"aligncenter size-full\"><img loading=\"lazy\" decoding=\"async\" width=\"270\" height=\"368\" src=\"https:\/\/bansenjukuliege.be\/wp-content\/uploads\/2025\/11\/Morihei_Ueshiba_Portrait-1.jpg\" alt=\"\" class=\"wp-image-137\" srcset=\"https:\/\/bansenjukuliege.be\/wp-content\/uploads\/2025\/11\/Morihei_Ueshiba_Portrait-1.jpg 270w, https:\/\/bansenjukuliege.be\/wp-content\/uploads\/2025\/11\/Morihei_Ueshiba_Portrait-1-220x300.jpg 220w\" sizes=\"auto, (max-width: 270px) 100vw, 270px\" \/><figcaption class=\"wp-element-caption\">                        O Sensei Ueshiba Morihei <\/figcaption><\/figure>\n<\/div>\n\n\n<p>O Sensei \u00e9tait un samoura\u00ef moderne aux id\u00e9es pacifistes tr\u00e8s marqu\u00e9es. Il a modernis\u00e9 les techniques du Daito Ryu, en particulier le concept d&rsquo;\u00ab&nbsp;a\u00efki&nbsp;\u00bb (union des forces), jusqu&rsquo;alors tenu secret et consid\u00e9r\u00e9 comme \u00ab la v\u00e9ritable technique \u00bb. En a\u00efkido, nous nous effor\u00e7ons de comprendre ce concept par la pratique de formes de base et d&rsquo;innombrables variations de ces techniques.<\/p>\n\n\n\n<p>L&rsquo;a\u00efkido est bas\u00e9 sur la voie de la moindre r\u00e9sistance et incarne l&rsquo;esprit d&rsquo;harmonie et la philosophie orientale. L&rsquo;harmonie est le seul principe de l&rsquo;a\u00efkido. La v\u00e9ritable force r\u00e9side dans la fusion avec la force de l&rsquo;adversaire. En suivant ce courant, il est possible de cr\u00e9er une infinit\u00e9 de techniques adapt\u00e9es \u00e0 chaque situation.<\/p>\n","protected":false},"excerpt":{"rendered":"<p>L&rsquo;a\u00efkido est un art martial traditionnel japonais consistant \u00e0 prendre l&rsquo;\u00e9quilibre de l&rsquo;adversaire et \u00e0 coop\u00e9rer dans la force de l&rsquo;attaque. Lorsque nous nous unifions avec l&rsquo;attaquant, nous pouvons contr\u00f4ler son corps comme s&rsquo;il s&rsquo;agissait du n\u00f4tre. Pour y parvenir, nous devons \u00eatre capables d&rsquo;\u00e9valuer calmement la situation et de contr\u00f4ler notre corps et notre &hellip; <\/p>\n<p class=\"link-more\"><a href=\"https:\/\/bansenjukuliege.be\/index.php\/laikido\/\" class=\"more-link\">Continuer la lecture<span class=\"screen-reader-text\"> de &laquo;&nbsp;L&rsquo;a\u00efkido&nbsp;&raquo;<\/span><\/a><\/p>\n","protected":false},"author":1,"featured_media":0,"parent":0,"menu_order":1,"comment_status":"closed","ping_status":"closed","template":"","meta":{"footnotes":""},"class_list":["post-14","page","type-page","status-publish","hentry"],"_links":{"self":[{"href":"https:\/\/bansenjukuliege.be\/index.php\/wp-json\/wp\/v2\/pages\/14","targetHints":{"allow":["GET"]}}],"collection":[{"href":"https:\/\/bansenjukuliege.be\/index.php\/wp-json\/wp\/v2\/pages"}],"about":[{"href":"https:\/\/bansenjukuliege.be\/index.php\/wp-json\/wp\/v2\/types\/page"}],"author":[{"embeddable":true,"href":"https:\/\/bansenjukuliege.be\/index.php\/wp-json\/wp\/v2\/users\/1"}],"replies":[{"embeddable":true,"href":"https:\/\/bansenjukuliege.be\/index.php\/wp-json\/wp\/v2\/comments?post=14"}],"version-history":[{"count":3,"href":"https:\/\/bansenjukuliege.be\/index.php\/wp-json\/wp\/v2\/pages\/14\/revisions"}],"predecessor-version":[{"id":188,"href":"https:\/\/bansenjukuliege.be\/index.php\/wp-json\/wp\/v2\/pages\/14\/revisions\/188"}],"wp:attachment":[{"href":"https:\/\/bansenjukuliege.be\/index.php\/wp-json\/wp\/v2\/media?parent=14"}],"curies":[{"name":"wp","href":"https:\/\/api.w.org\/{rel}","templated":true}]}}