{"id":16,"date":"2025-10-28T17:43:11","date_gmt":"2025-10-28T17:43:11","guid":{"rendered":"http:\/\/bsj-lige.local\/?page_id=11"},"modified":"2025-11-07T22:40:37","modified_gmt":"2025-11-07T22:40:37","slug":"lecole-ban-sen-juku","status":"publish","type":"page","link":"https:\/\/bansenjukuliege.be\/index.php\/lecole-ban-sen-juku\/","title":{"rendered":"L&rsquo;\u00e9cole Ban Sen Juku"},"content":{"rendered":"\n<p class=\"has-text-align-center\">Site web de l&rsquo;\u00e9cole : <a href=\"https:\/\/bansenjuku.org\/bienvenue\/\" target=\"_blank\" rel=\"noreferrer noopener\">Ban Sen Juku Aikido<\/a><\/p>\n\n\n<div class=\"wp-block-image\">\n<figure class=\"aligncenter size-full\"><img loading=\"lazy\" decoding=\"async\" width=\"513\" height=\"145\" src=\"https:\/\/bansenjukuliege.be\/wp-content\/uploads\/2025\/11\/kanji_bansenjuku_blanc_hor.png\" alt=\"\" class=\"wp-image-139\" srcset=\"https:\/\/bansenjukuliege.be\/wp-content\/uploads\/2025\/11\/kanji_bansenjuku_blanc_hor.png 513w, https:\/\/bansenjukuliege.be\/wp-content\/uploads\/2025\/11\/kanji_bansenjuku_blanc_hor-300x85.png 300w\" sizes=\"auto, (max-width: 513px) 100vw, 513px\" \/><figcaption class=\"wp-element-caption\">Ban Sen Juku, l&rsquo;\u00e9cole des dix mille courants<\/figcaption><\/figure>\n<\/div>\n\n\n<p>L&rsquo;\u00e9cole Ban Sen Juku a \u00e9t\u00e9 fond\u00e9e par Tomita Seiji Shihan (ma\u00eetre), 8e dan.<\/p>\n\n\n\n<p>Tomita Seiji est n\u00e9 en 1938 \u00e0 l&rsquo;ouest du Japon. Il commen\u00e7a \u00e0 \u00e9tudier les arts martiaux (<em>bud\u014d<\/em>, \u6b66\u9053) \u00e0 l&rsquo;\u00e2ge de six ans avec le sumo, le kendo et le judo.<\/p>\n\n\n\n<p>\u00c0 travers tous les arts martiaux qu&rsquo;il a \u00e9tudi\u00e9s, Ma\u00eetre Tomita a toujours recherch\u00e9 le principe unique commun \u00e0 tous ces arts. \u00c0 l&rsquo;\u00e2ge de 18 ans, il rencontra le fondateur de l&rsquo;a\u00efkido, O Sensei Ueshiba Morihei, et d\u00e9cida de se consacrer enti\u00e8rement \u00e0 l&rsquo;a\u00efkido.<\/p>\n\n\n\n<p>En 1957, il obtint sa ceinture noire (<em>shodan<\/em>) de la part de Tanaka Bansen Shihan, l&rsquo;un des \u00e9tudiants favoris de O Sensei.<\/p>\n\n\n\n<figure class=\"wp-block-gallery has-nested-images columns-default is-cropped wp-block-gallery-1 is-layout-flex wp-block-gallery-is-layout-flex\">\n<figure class=\"wp-block-image size-full\"><img loading=\"lazy\" decoding=\"async\" width=\"375\" height=\"375\" data-id=\"140\" src=\"https:\/\/bansenjukuliege.be\/wp-content\/uploads\/2025\/11\/tanaka_bansen.jpg\" alt=\"\" class=\"wp-image-140\" srcset=\"https:\/\/bansenjukuliege.be\/wp-content\/uploads\/2025\/11\/tanaka_bansen.jpg 375w, https:\/\/bansenjukuliege.be\/wp-content\/uploads\/2025\/11\/tanaka_bansen-300x300.jpg 300w, https:\/\/bansenjukuliege.be\/wp-content\/uploads\/2025\/11\/tanaka_bansen-150x150.jpg 150w, https:\/\/bansenjukuliege.be\/wp-content\/uploads\/2025\/11\/tanaka_bansen-100x100.jpg 100w\" sizes=\"auto, (max-width: 375px) 100vw, 375px\" \/><figcaption class=\"wp-element-caption\">Tanaka Bansen Shihan<\/figcaption><\/figure>\n\n\n\n<figure class=\"wp-block-image size-full\"><img loading=\"lazy\" decoding=\"async\" width=\"250\" height=\"381\" data-id=\"141\" src=\"https:\/\/bansenjukuliege.be\/wp-content\/uploads\/2025\/11\/tomita_sensei_250.jpg\" alt=\"\" class=\"wp-image-141\" srcset=\"https:\/\/bansenjukuliege.be\/wp-content\/uploads\/2025\/11\/tomita_sensei_250.jpg 250w, https:\/\/bansenjukuliege.be\/wp-content\/uploads\/2025\/11\/tomita_sensei_250-197x300.jpg 197w\" sizes=\"auto, (max-width: 250px) 100vw, 250px\" \/><figcaption class=\"wp-element-caption\">Tomita Seiji Shihan<\/figcaption><\/figure>\n<\/figure>\n\n\n\n<p>O Sensei rendait fr\u00e9quemment visite au dojo de Tanaka Bansen, et ses le\u00e7ons \u00e9taient ch\u00e8res, ses d\u00e9monstrations difficiles, et sa doctrine subtile et \u00e9sot\u00e9rique.<\/p>\n\n\n\n<p>En 1971, Ma\u00eetre Tomita fonda son propre dojo \u00e0 Yamashina , ainsi que la Kyoto Aikido Association \u00e0 Kyoto. Un jour, pendant qu&rsquo;il pratiquait les <em>suburi<\/em> dans son jardin de Kyoto, il a atteint le <em>hitotsu no tachi<\/em> (\u00ab&nbsp;une seule frappe par une seule \u00e9p\u00e9e&nbsp;\u00bb, \u4e00\u306e\u592a\u5200). Il r\u00e9alisa comment tous les mouvements sont inclus dans un seul, et comment dix mille est \u00e9gal \u00e0 un et un, \u00e9gal \u00e0 dix mille. Il prit alors conscience d&rsquo;avoir atteint une compr\u00e9hension profonde des enseignements de ses ma\u00eetres, Tanaka Bansen Shihan et O Sensei.<\/p>\n\n\n\n<p>Curieux d&rsquo;en savoir plus sur les diff\u00e9rences culturelles entre l&rsquo;Orient et l&rsquo;Occident, Ma\u00eetre Tomita se rendit en Europe en 1985 et passa plusieurs semaines en Belgique \u00e0 enseigner dans diff\u00e9rents dojos. Deux ans plus tard, il revint en Belgique, o\u00f9 il r\u00e9side depuis. Il fonda l&rsquo;\u00e9cole <em>Ban Sen Juku<\/em> \u00e0 Anvers en 1988, et \u00e0 Bruxelles en 1992, au coeur de l&rsquo;Europe. De nouveaux dojos ont ensuite ouvert \u00e0 Louvain, Gand et Li\u00e8ge.<\/p>\n\n\n\n<p><em>Ban Sen<\/em>, le nom de l&rsquo;\u00e9cole, faire r\u00e9f\u00e9rence au professeur de Ma\u00eetre Tomita, Tanaka Bansen Shihan. Cela signifie \u00e9galement \u00ab&nbsp;\u00e9ventail&nbsp;\u00bb en japonais. Cette <a href=\"https:\/\/www.youtube.com\/watch?v=ODUzoUnP52g\" data-type=\"link\" data-id=\"https:\/\/www.youtube.com\/watch?v=ODUzoUnP52g\" target=\"_blank\" rel=\"noreferrer noopener\">\u00ab&nbsp;arme&nbsp;\u00bb traditionnelle japonaise<\/a> symbolise l&rsquo;essence de l&rsquo;a\u00efkido et des arts martiaux japonais que Ma\u00eetre Tomita nous enseigne&nbsp;: un est \u00e9gal \u00e0 dix mille, et dix mille est \u00e9gal \u00e0 un.<\/p>\n\n\n\n<figure class=\"wp-block-image size-full\"><img loading=\"lazy\" decoding=\"async\" width=\"750\" height=\"500\" src=\"https:\/\/bansenjukuliege.be\/wp-content\/uploads\/2025\/11\/tomita_shihan.jpg\" alt=\"\" class=\"wp-image-146\" srcset=\"https:\/\/bansenjukuliege.be\/wp-content\/uploads\/2025\/11\/tomita_shihan.jpg 750w, https:\/\/bansenjukuliege.be\/wp-content\/uploads\/2025\/11\/tomita_shihan-300x200.jpg 300w\" sizes=\"auto, (max-width: 706px) 89vw, (max-width: 767px) 82vw, 740px\" \/><figcaption class=\"wp-element-caption\">                                                                                                           Tomita Seiji Shihan<\/figcaption><\/figure>\n\n\n\n<p><\/p>\n","protected":false},"excerpt":{"rendered":"<p>Site web de l&rsquo;\u00e9cole : Ban Sen Juku Aikido L&rsquo;\u00e9cole Ban Sen Juku a \u00e9t\u00e9 fond\u00e9e par Tomita Seiji Shihan (ma\u00eetre), 8e dan. Tomita Seiji est n\u00e9 en 1938 \u00e0 l&rsquo;ouest du Japon. Il commen\u00e7a \u00e0 \u00e9tudier les arts martiaux (bud\u014d, \u6b66\u9053) \u00e0 l&rsquo;\u00e2ge de six ans avec le sumo, le kendo et le judo. &hellip; <\/p>\n<p class=\"link-more\"><a href=\"https:\/\/bansenjukuliege.be\/index.php\/lecole-ban-sen-juku\/\" class=\"more-link\">Continuer la lecture<span class=\"screen-reader-text\"> de &laquo;&nbsp;L&rsquo;\u00e9cole Ban Sen Juku&nbsp;&raquo;<\/span><\/a><\/p>\n","protected":false},"author":1,"featured_media":0,"parent":0,"menu_order":2,"comment_status":"closed","ping_status":"closed","template":"","meta":{"footnotes":""},"class_list":["post-16","page","type-page","status-publish","hentry"],"_links":{"self":[{"href":"https:\/\/bansenjukuliege.be\/index.php\/wp-json\/wp\/v2\/pages\/16","targetHints":{"allow":["GET"]}}],"collection":[{"href":"https:\/\/bansenjukuliege.be\/index.php\/wp-json\/wp\/v2\/pages"}],"about":[{"href":"https:\/\/bansenjukuliege.be\/index.php\/wp-json\/wp\/v2\/types\/page"}],"author":[{"embeddable":true,"href":"https:\/\/bansenjukuliege.be\/index.php\/wp-json\/wp\/v2\/users\/1"}],"replies":[{"embeddable":true,"href":"https:\/\/bansenjukuliege.be\/index.php\/wp-json\/wp\/v2\/comments?post=16"}],"version-history":[{"count":4,"href":"https:\/\/bansenjukuliege.be\/index.php\/wp-json\/wp\/v2\/pages\/16\/revisions"}],"predecessor-version":[{"id":175,"href":"https:\/\/bansenjukuliege.be\/index.php\/wp-json\/wp\/v2\/pages\/16\/revisions\/175"}],"wp:attachment":[{"href":"https:\/\/bansenjukuliege.be\/index.php\/wp-json\/wp\/v2\/media?parent=16"}],"curies":[{"name":"wp","href":"https:\/\/api.w.org\/{rel}","templated":true}]}}