{"id":17,"date":"2025-10-28T17:50:41","date_gmt":"2025-10-28T17:50:41","guid":{"rendered":"http:\/\/bsj-lige.local\/?page_id=13"},"modified":"2026-04-02T06:16:21","modified_gmt":"2026-04-02T06:16:21","slug":"notre-dojo","status":"publish","type":"page","link":"https:\/\/bansenjukuliege.be\/index.php\/notre-dojo\/","title":{"rendered":"Notre dojo"},"content":{"rendered":"\n<p>C&rsquo;est lors d&rsquo;un s\u00e9minaire organis\u00e9 \u00e0 l&rsquo;universit\u00e9 de Li\u00e8ge en 1995 que Michel Davidts a rencontr\u00e9 Ma\u00eetre Tomita pour la premi\u00e8re fois. Suite \u00e0 cette rencontre, qui a remis en question tout ce qu&rsquo;il avait appris jusque l\u00e0, Michel a d\u00e9cid\u00e9 de suivre les enseignements de Ma\u00eetre Tomita partout o\u00f9 il le pouvait.  Pendant de nombreuses ann\u00e9es, cela l&rsquo;a fait voyager non seulement partout en Belgique mais aussi en France, en Espagne, au Royaume-Uni et m\u00eame \u00e0 Tahiti. Ma\u00eetre Tomita a alors appr\u00e9ci\u00e9 le niveau d&rsquo;\u00e9nergie et d&rsquo;engagement qu&rsquo;il retrouvait \u00e0 Li\u00e8ge et a encourag\u00e9 Michel \u00e0 y installer un dojo du Ban Sen Juku. Au mois de juin 2011, le dojo de Li\u00e8ge s&rsquo;est \u00e9tabli de fa\u00e7on permanente rue des Wallons dans le quartier du Laveu.<\/p>\n\n\n\n<figure class=\"wp-block-gallery aligncenter has-nested-images columns-default is-cropped wp-block-gallery-1 is-layout-flex wp-block-gallery-is-layout-flex\">\n<figure class=\"wp-block-image size-full\"><img loading=\"lazy\" decoding=\"async\" width=\"1079\" height=\"646\" data-id=\"148\" src=\"https:\/\/bansenjukuliege.be\/wp-content\/uploads\/2025\/11\/facade-BSJL-Banderolle.jpg\" alt=\"\" class=\"wp-image-148\" srcset=\"https:\/\/bansenjukuliege.be\/wp-content\/uploads\/2025\/11\/facade-BSJL-Banderolle.jpg 1079w, https:\/\/bansenjukuliege.be\/wp-content\/uploads\/2025\/11\/facade-BSJL-Banderolle-300x180.jpg 300w, https:\/\/bansenjukuliege.be\/wp-content\/uploads\/2025\/11\/facade-BSJL-Banderolle-1024x613.jpg 1024w, https:\/\/bansenjukuliege.be\/wp-content\/uploads\/2025\/11\/facade-BSJL-Banderolle-768x460.jpg 768w\" sizes=\"auto, (max-width: 767px) 89vw, (max-width: 1000px) 54vw, (max-width: 1071px) 543px, 580px\" \/><\/figure>\n<\/figure>\n\n\n\n<figure class=\"wp-block-gallery has-nested-images columns-default is-cropped wp-block-gallery-2 is-layout-flex wp-block-gallery-is-layout-flex\">\n<figure class=\"wp-block-image size-large\"><img loading=\"lazy\" decoding=\"async\" width=\"1024\" height=\"670\" data-id=\"149\" src=\"https:\/\/bansenjukuliege.be\/wp-content\/uploads\/2025\/11\/Screenshot_2025-10-29-19-06-57-27_a23b203fd3aafc6dcb84e438dda678b6-1024x670.jpg\" alt=\"\" class=\"wp-image-149\" srcset=\"https:\/\/bansenjukuliege.be\/wp-content\/uploads\/2025\/11\/Screenshot_2025-10-29-19-06-57-27_a23b203fd3aafc6dcb84e438dda678b6-1024x670.jpg 1024w, https:\/\/bansenjukuliege.be\/wp-content\/uploads\/2025\/11\/Screenshot_2025-10-29-19-06-57-27_a23b203fd3aafc6dcb84e438dda678b6-300x196.jpg 300w, https:\/\/bansenjukuliege.be\/wp-content\/uploads\/2025\/11\/Screenshot_2025-10-29-19-06-57-27_a23b203fd3aafc6dcb84e438dda678b6-768x503.jpg 768w, https:\/\/bansenjukuliege.be\/wp-content\/uploads\/2025\/11\/Screenshot_2025-10-29-19-06-57-27_a23b203fd3aafc6dcb84e438dda678b6.jpg 1079w\" sizes=\"auto, (max-width: 767px) 89vw, (max-width: 1000px) 54vw, (max-width: 1071px) 543px, 580px\" \/><\/figure>\n\n\n\n<figure class=\"wp-block-image size-large\"><img loading=\"lazy\" decoding=\"async\" width=\"768\" height=\"1024\" data-id=\"214\" src=\"https:\/\/bansenjukuliege.be\/wp-content\/uploads\/2026\/04\/2026-03-20-18-37-16-Aikido-souper-fromages-768x1024.jpg\" alt=\"\" class=\"wp-image-214\" srcset=\"https:\/\/bansenjukuliege.be\/wp-content\/uploads\/2026\/04\/2026-03-20-18-37-16-Aikido-souper-fromages-768x1024.jpg 768w, https:\/\/bansenjukuliege.be\/wp-content\/uploads\/2026\/04\/2026-03-20-18-37-16-Aikido-souper-fromages-225x300.jpg 225w, https:\/\/bansenjukuliege.be\/wp-content\/uploads\/2026\/04\/2026-03-20-18-37-16-Aikido-souper-fromages-1152x1536.jpg 1152w, https:\/\/bansenjukuliege.be\/wp-content\/uploads\/2026\/04\/2026-03-20-18-37-16-Aikido-souper-fromages-1536x2048.jpg 1536w, https:\/\/bansenjukuliege.be\/wp-content\/uploads\/2026\/04\/2026-03-20-18-37-16-Aikido-souper-fromages-scaled.jpg 1920w\" sizes=\"auto, (max-width: 767px) 89vw, (max-width: 1000px) 54vw, (max-width: 1071px) 543px, 580px\" \/><\/figure>\n\n\n\n<figure class=\"wp-block-image size-large\"><img loading=\"lazy\" decoding=\"async\" width=\"1024\" height=\"1024\" data-id=\"217\" src=\"https:\/\/bansenjukuliege.be\/wp-content\/uploads\/2026\/04\/2026-03-20-18-59-47-Aikido-souper-fromages-1024x1024.jpg\" alt=\"\" class=\"wp-image-217\" srcset=\"https:\/\/bansenjukuliege.be\/wp-content\/uploads\/2026\/04\/2026-03-20-18-59-47-Aikido-souper-fromages-1024x1024.jpg 1024w, https:\/\/bansenjukuliege.be\/wp-content\/uploads\/2026\/04\/2026-03-20-18-59-47-Aikido-souper-fromages-300x300.jpg 300w, https:\/\/bansenjukuliege.be\/wp-content\/uploads\/2026\/04\/2026-03-20-18-59-47-Aikido-souper-fromages-150x150.jpg 150w, https:\/\/bansenjukuliege.be\/wp-content\/uploads\/2026\/04\/2026-03-20-18-59-47-Aikido-souper-fromages-768x768.jpg 768w, https:\/\/bansenjukuliege.be\/wp-content\/uploads\/2026\/04\/2026-03-20-18-59-47-Aikido-souper-fromages-1536x1536.jpg 1536w, https:\/\/bansenjukuliege.be\/wp-content\/uploads\/2026\/04\/2026-03-20-18-59-47-Aikido-souper-fromages-2048x2048.jpg 2048w, https:\/\/bansenjukuliege.be\/wp-content\/uploads\/2026\/04\/2026-03-20-18-59-47-Aikido-souper-fromages-100x100.jpg 100w\" sizes=\"auto, (max-width: 767px) 89vw, (max-width: 1000px) 54vw, (max-width: 1071px) 543px, 580px\" \/><\/figure>\n\n\n\n<figure class=\"wp-block-image size-large\"><img loading=\"lazy\" decoding=\"async\" width=\"1024\" height=\"576\" data-id=\"211\" src=\"https:\/\/bansenjukuliege.be\/wp-content\/uploads\/2026\/04\/2026-03-20-18-56-51-Aikido-souper-fromages-1024x576.jpg\" alt=\"\" class=\"wp-image-211\" srcset=\"https:\/\/bansenjukuliege.be\/wp-content\/uploads\/2026\/04\/2026-03-20-18-56-51-Aikido-souper-fromages-1024x576.jpg 1024w, https:\/\/bansenjukuliege.be\/wp-content\/uploads\/2026\/04\/2026-03-20-18-56-51-Aikido-souper-fromages-300x169.jpg 300w, https:\/\/bansenjukuliege.be\/wp-content\/uploads\/2026\/04\/2026-03-20-18-56-51-Aikido-souper-fromages-768x432.jpg 768w, https:\/\/bansenjukuliege.be\/wp-content\/uploads\/2026\/04\/2026-03-20-18-56-51-Aikido-souper-fromages-1536x864.jpg 1536w, https:\/\/bansenjukuliege.be\/wp-content\/uploads\/2026\/04\/2026-03-20-18-56-51-Aikido-souper-fromages-2048x1152.jpg 2048w\" sizes=\"auto, (max-width: 767px) 89vw, (max-width: 1000px) 54vw, (max-width: 1071px) 543px, 580px\" \/><\/figure>\n\n\n\n<figure class=\"wp-block-image size-large\"><img loading=\"lazy\" decoding=\"async\" width=\"768\" height=\"1024\" data-id=\"220\" src=\"https:\/\/bansenjukuliege.be\/wp-content\/uploads\/2026\/04\/2026-03-20-18-27-14-Aikido-souper-fromages-3-768x1024.jpg\" alt=\"\" class=\"wp-image-220\" srcset=\"https:\/\/bansenjukuliege.be\/wp-content\/uploads\/2026\/04\/2026-03-20-18-27-14-Aikido-souper-fromages-3-768x1024.jpg 768w, https:\/\/bansenjukuliege.be\/wp-content\/uploads\/2026\/04\/2026-03-20-18-27-14-Aikido-souper-fromages-3-225x300.jpg 225w, https:\/\/bansenjukuliege.be\/wp-content\/uploads\/2026\/04\/2026-03-20-18-27-14-Aikido-souper-fromages-3-1152x1536.jpg 1152w, https:\/\/bansenjukuliege.be\/wp-content\/uploads\/2026\/04\/2026-03-20-18-27-14-Aikido-souper-fromages-3-1536x2048.jpg 1536w, https:\/\/bansenjukuliege.be\/wp-content\/uploads\/2026\/04\/2026-03-20-18-27-14-Aikido-souper-fromages-3-scaled.jpg 1920w\" sizes=\"auto, (max-width: 767px) 89vw, (max-width: 1000px) 54vw, (max-width: 1071px) 543px, 580px\" \/><\/figure>\n\n\n\n<figure class=\"wp-block-image size-large\"><img loading=\"lazy\" decoding=\"async\" width=\"768\" height=\"1024\" data-id=\"210\" src=\"https:\/\/bansenjukuliege.be\/wp-content\/uploads\/2026\/04\/2026-03-20-21-42-17-Aikido-souper-fromages-768x1024.jpg\" alt=\"\" class=\"wp-image-210\" srcset=\"https:\/\/bansenjukuliege.be\/wp-content\/uploads\/2026\/04\/2026-03-20-21-42-17-Aikido-souper-fromages-768x1024.jpg 768w, https:\/\/bansenjukuliege.be\/wp-content\/uploads\/2026\/04\/2026-03-20-21-42-17-Aikido-souper-fromages-225x300.jpg 225w, https:\/\/bansenjukuliege.be\/wp-content\/uploads\/2026\/04\/2026-03-20-21-42-17-Aikido-souper-fromages-1152x1536.jpg 1152w, https:\/\/bansenjukuliege.be\/wp-content\/uploads\/2026\/04\/2026-03-20-21-42-17-Aikido-souper-fromages-1536x2048.jpg 1536w, https:\/\/bansenjukuliege.be\/wp-content\/uploads\/2026\/04\/2026-03-20-21-42-17-Aikido-souper-fromages-scaled.jpg 1920w\" sizes=\"auto, (max-width: 767px) 89vw, (max-width: 1000px) 54vw, (max-width: 1071px) 543px, 580px\" \/><\/figure>\n<\/figure>\n\n\n\n<p>Gr\u00e2ce aux efforts prodigieux de ses membres, un ancien garage a \u00e9t\u00e9 transform\u00e9 en un magnifique dojo d\u00e9di\u00e9 \u00e0 l&rsquo;enseignement et \u00e0 la transmission de l&rsquo;a\u00efkido traditionnel, dont Ma\u00eetre Tomita est le meilleur repr\u00e9sentant.<\/p>\n\n\n\n<p>Le dojo est maintenant affili\u00e9 \u00e0 l&rsquo;\u00e9cole. Son nom est \u00ab&nbsp;Nana Tsu no Okano Kaname Dojo&nbsp;\u00bb, ce qui signifie \u00ab&nbsp;le dojo au coeur des sept collines&nbsp;\u00bb.<\/p>\n\n\n\n<figure class=\"wp-block-gallery has-nested-images columns-2 is-cropped wp-block-gallery-3 is-layout-flex wp-block-gallery-is-layout-flex\">\n<figure class=\"wp-block-image size-full\"><img loading=\"lazy\" decoding=\"async\" width=\"519\" height=\"700\" data-id=\"150\" src=\"https:\/\/bansenjukuliege.be\/wp-content\/uploads\/2025\/11\/IMG-20251031-WA0008.jpg\" alt=\"\" class=\"wp-image-150\" srcset=\"https:\/\/bansenjukuliege.be\/wp-content\/uploads\/2025\/11\/IMG-20251031-WA0008.jpg 519w, https:\/\/bansenjukuliege.be\/wp-content\/uploads\/2025\/11\/IMG-20251031-WA0008-222x300.jpg 222w\" sizes=\"auto, (max-width: 519px) 100vw, 519px\" \/><figcaption class=\"wp-element-caption\">Kanji \u00ab&nbsp;Kaname&nbsp;\u00bb<\/figcaption><\/figure>\n\n\n\n<figure class=\"wp-block-image size-full\"><img loading=\"lazy\" decoding=\"async\" width=\"323\" height=\"700\" data-id=\"152\" src=\"https:\/\/bansenjukuliege.be\/wp-content\/uploads\/2025\/11\/IMG-20251031-WA0009.jpg\" alt=\"\" class=\"wp-image-152\" srcset=\"https:\/\/bansenjukuliege.be\/wp-content\/uploads\/2025\/11\/IMG-20251031-WA0009.jpg 323w, https:\/\/bansenjukuliege.be\/wp-content\/uploads\/2025\/11\/IMG-20251031-WA0009-138x300.jpg 138w\" sizes=\"auto, (max-width: 323px) 100vw, 323px\" \/><figcaption class=\"wp-element-caption\">Ma\u00eetre Tomita Seiji<\/figcaption><\/figure>\n<\/figure>\n\n\n\n<h2 class=\"wp-block-heading has-text-align-left\">Nos professeurs<\/h2>\n\n\n\n<div class=\"wp-block-media-text\" style=\"grid-template-columns:22% auto\"><figure class=\"wp-block-media-text__media\"><img loading=\"lazy\" decoding=\"async\" width=\"200\" height=\"204\" src=\"https:\/\/bansenjukuliege.be\/wp-content\/uploads\/2025\/11\/michel.png\" alt=\"\" class=\"wp-image-154 size-thumbnail\"\/><\/figure><div class=\"wp-block-media-text__content\">\n<p><strong>Michel<\/strong> (5e dan)<br>Fort de 40 ans de pratique d&rsquo;a\u00efkido et fondateur du dojo de Li\u00e8ge, Michel donne cours aux adultes le lundi et le vendredi.<\/p>\n<\/div><\/div>\n\n\n\n<p><\/p>\n\n\n\n<div class=\"wp-block-media-text\" style=\"grid-template-columns:24% auto\"><figure class=\"wp-block-media-text__media\"><img loading=\"lazy\" decoding=\"async\" width=\"196\" height=\"203\" src=\"https:\/\/bansenjukuliege.be\/wp-content\/uploads\/2025\/11\/nancy.png\" alt=\"\" class=\"wp-image-155 size-thumbnail\"\/><\/figure><div class=\"wp-block-media-text__content\">\n<p class=\"has-text-align-left\"><strong>Nancy<\/strong> (3e dan)<br>\u00c9l\u00e8ve de Michel et pratiquante d&rsquo;a\u00efkido depuis 2008, Nancy donne cours aux enfants le vendredi apr\u00e8s-midi.<\/p>\n<\/div><\/div>\n\n\n\n<p><\/p>\n\n\n\n<div class=\"wp-block-media-text\" style=\"grid-template-columns:24% auto\"><figure class=\"wp-block-media-text__media\"><img loading=\"lazy\" decoding=\"async\" width=\"200\" height=\"200\" src=\"https:\/\/bansenjukuliege.be\/wp-content\/uploads\/2025\/11\/thierry.png\" alt=\"\" class=\"wp-image-156 size-thumbnail\" srcset=\"https:\/\/bansenjukuliege.be\/wp-content\/uploads\/2025\/11\/thierry.png 200w, https:\/\/bansenjukuliege.be\/wp-content\/uploads\/2025\/11\/thierry-150x150.png 150w, https:\/\/bansenjukuliege.be\/wp-content\/uploads\/2025\/11\/thierry-100x100.png 100w\" sizes=\"auto, (max-width: 200px) 100vw, 200px\" \/><\/figure><div class=\"wp-block-media-text__content\">\n<p><strong>Thierry <\/strong>(4e dan)<br>Dojo-cho du dojo de Bastogne, Thierry se rend \u00e0 Li\u00e8ge le vendredi pour donner cours aux enfants avec Nancy et Marco.<\/p>\n<\/div><\/div>\n\n\n\n<p><\/p>\n\n\n\n<div class=\"wp-block-media-text\" style=\"grid-template-columns:25% auto\"><figure class=\"wp-block-media-text__media\"><img loading=\"lazy\" decoding=\"async\" width=\"200\" height=\"200\" src=\"https:\/\/bansenjukuliege.be\/wp-content\/uploads\/2025\/11\/marco.png\" alt=\"\" class=\"wp-image-157 size-thumbnail\" srcset=\"https:\/\/bansenjukuliege.be\/wp-content\/uploads\/2025\/11\/marco.png 200w, https:\/\/bansenjukuliege.be\/wp-content\/uploads\/2025\/11\/marco-150x150.png 150w, https:\/\/bansenjukuliege.be\/wp-content\/uploads\/2025\/11\/marco-100x100.png 100w\" sizes=\"auto, (max-width: 200px) 100vw, 200px\" \/><\/figure><div class=\"wp-block-media-text__content\">\n<p class=\"has-text-align-left\"><strong>Marco<\/strong> (1er dan)<br>Pratiquant assidu d&rsquo;a\u00efkido depuis l&rsquo;\u00e2ge de 6 ans, Marco vient compl\u00e9ter le trio de professeurs du cours pour enfants le vendredi apr\u00e8s-midi et donne occasionnellement cours aux adultes.<\/p>\n<\/div><\/div>\n\n\n\n<p><\/p>\n","protected":false},"excerpt":{"rendered":"<p>C&rsquo;est lors d&rsquo;un s\u00e9minaire organis\u00e9 \u00e0 l&rsquo;universit\u00e9 de Li\u00e8ge en 1995 que Michel Davidts a rencontr\u00e9 Ma\u00eetre Tomita pour la premi\u00e8re fois. Suite \u00e0 cette rencontre, qui a remis en question tout ce qu&rsquo;il avait appris jusque l\u00e0, Michel a d\u00e9cid\u00e9 de suivre les enseignements de Ma\u00eetre Tomita partout o\u00f9 il le pouvait. Pendant de &hellip; <\/p>\n<p class=\"link-more\"><a href=\"https:\/\/bansenjukuliege.be\/index.php\/notre-dojo\/\" class=\"more-link\">Continuer la lecture<span class=\"screen-reader-text\"> de &laquo;&nbsp;Notre dojo&nbsp;&raquo;<\/span><\/a><\/p>\n","protected":false},"author":1,"featured_media":0,"parent":0,"menu_order":3,"comment_status":"closed","ping_status":"closed","template":"","meta":{"footnotes":""},"class_list":["post-17","page","type-page","status-publish","hentry"],"_links":{"self":[{"href":"https:\/\/bansenjukuliege.be\/index.php\/wp-json\/wp\/v2\/pages\/17","targetHints":{"allow":["GET"]}}],"collection":[{"href":"https:\/\/bansenjukuliege.be\/index.php\/wp-json\/wp\/v2\/pages"}],"about":[{"href":"https:\/\/bansenjukuliege.be\/index.php\/wp-json\/wp\/v2\/types\/page"}],"author":[{"embeddable":true,"href":"https:\/\/bansenjukuliege.be\/index.php\/wp-json\/wp\/v2\/users\/1"}],"replies":[{"embeddable":true,"href":"https:\/\/bansenjukuliege.be\/index.php\/wp-json\/wp\/v2\/comments?post=17"}],"version-history":[{"count":8,"href":"https:\/\/bansenjukuliege.be\/index.php\/wp-json\/wp\/v2\/pages\/17\/revisions"}],"predecessor-version":[{"id":245,"href":"https:\/\/bansenjukuliege.be\/index.php\/wp-json\/wp\/v2\/pages\/17\/revisions\/245"}],"wp:attachment":[{"href":"https:\/\/bansenjukuliege.be\/index.php\/wp-json\/wp\/v2\/media?parent=17"}],"curies":[{"name":"wp","href":"https:\/\/api.w.org\/{rel}","templated":true}]}}