{"id":18,"date":"2025-10-28T17:57:33","date_gmt":"2025-10-28T17:57:33","guid":{"rendered":"http:\/\/bsj-lige.local\/?page_id=16"},"modified":"2025-11-12T09:24:20","modified_gmt":"2025-11-12T09:24:20","slug":"infos-pratiques","status":"publish","type":"page","link":"https:\/\/bansenjukuliege.be\/index.php\/infos-pratiques\/","title":{"rendered":"Infos pratiques"},"content":{"rendered":"\n<p>Les cours sont ouverts \u00e0 toutes et tous tout au long de l&rsquo;ann\u00e9e. Si vous souhaitez venir essayer, une tenue confortable \u00e0 longues manches suffit.<\/p>\n\n\n\n<p><strong>Adresse<\/strong> : Rue des Wallons, 20a, 4000 Li\u00e8ge (Laveu)<\/p>\n\n\n\n<iframe src=\"https:\/\/www.google.com\/maps\/embed?pb=!1m18!1m12!1m3!1d2530.773869257684!2d5.556750612646518!3d50.63131747150896!2m3!1f0!2f0!3f0!3m2!1i1024!2i768!4f13.1!3m3!1m2!1s0x47c0fbdff98c27d3%3A0x19c641e332d1323c!2sA%C3%AFkido%20Ban%20Sen%20Juku%20Li%C3%A8ge!5e0!3m2!1sfr!2sbe!4v1761922467965!5m2!1sfr!2sbe\" width=\"600\" height=\"450\" style=\"border:0;\" allowfullscreen=\"\" loading=\"lazy\" referrerpolicy=\"no-referrer-when-downgrade\"><\/iframe>\n\n\n\n<p><strong>Acc\u00e8s<\/strong> :<br>\ud83d\ude97 En voiture : autoroute E25, sortie 35 (Avroy-Laveu)<br>\ud83d\ude8c En transports en commun : bus 21 vers \u00ab&nbsp;Place Saint-Nicolas&nbsp;\u00bb, arr\u00eat \u00ab&nbsp;Place des Wallons&nbsp;\u00bb<br>\ud83d\udeb6 \u00c0 15 minutes \u00e0 pied de la gare des Guillemins<\/p>\n\n\n\n<p><strong>Horaire<\/strong> :<br>Cours adultes : le lundi et le vendredi, de 19h30 \u00e0 21h<br>Cours enfants (\u00e0 partir de 7 ans) : le vendredi, de 18h \u00e0 19h15<\/p>\n\n\n<div class=\"wp-block-image\">\n<figure class=\"aligncenter size-large\"><img loading=\"lazy\" decoding=\"async\" width=\"774\" height=\"1024\" src=\"https:\/\/bansenjukuliege.be\/wp-content\/uploads\/2025\/11\/Screenshot_2025-10-28-10-08-36-95_6012fa4d4ddec268fc5c7112cbb265e7-774x1024.jpg\" alt=\"\" class=\"wp-image-161\" style=\"aspect-ratio:1;object-fit:cover\" srcset=\"https:\/\/bansenjukuliege.be\/wp-content\/uploads\/2025\/11\/Screenshot_2025-10-28-10-08-36-95_6012fa4d4ddec268fc5c7112cbb265e7-774x1024.jpg 774w, https:\/\/bansenjukuliege.be\/wp-content\/uploads\/2025\/11\/Screenshot_2025-10-28-10-08-36-95_6012fa4d4ddec268fc5c7112cbb265e7-227x300.jpg 227w, https:\/\/bansenjukuliege.be\/wp-content\/uploads\/2025\/11\/Screenshot_2025-10-28-10-08-36-95_6012fa4d4ddec268fc5c7112cbb265e7-768x1016.jpg 768w, https:\/\/bansenjukuliege.be\/wp-content\/uploads\/2025\/11\/Screenshot_2025-10-28-10-08-36-95_6012fa4d4ddec268fc5c7112cbb265e7.jpg 1079w\" sizes=\"auto, (max-width: 767px) 89vw, (max-width: 1000px) 54vw, (max-width: 1071px) 543px, 580px\" \/><\/figure>\n<\/div>","protected":false},"excerpt":{"rendered":"<p>Les cours sont ouverts \u00e0 toutes et tous tout au long de l&rsquo;ann\u00e9e. Si vous souhaitez venir essayer, une tenue confortable \u00e0 longues manches suffit. Adresse : Rue des Wallons, 20a, 4000 Li\u00e8ge (Laveu) Acc\u00e8s :\ud83d\ude97 En voiture : autoroute E25, sortie 35 (Avroy-Laveu)\ud83d\ude8c En transports en commun : bus 21 vers \u00ab&nbsp;Place Saint-Nicolas&nbsp;\u00bb, arr\u00eat &hellip; <\/p>\n<p class=\"link-more\"><a href=\"https:\/\/bansenjukuliege.be\/index.php\/infos-pratiques\/\" class=\"more-link\">Continuer la lecture<span class=\"screen-reader-text\"> de &laquo;&nbsp;Infos pratiques&nbsp;&raquo;<\/span><\/a><\/p>\n","protected":false},"author":1,"featured_media":0,"parent":0,"menu_order":4,"comment_status":"closed","ping_status":"closed","template":"","meta":{"footnotes":""},"class_list":["post-18","page","type-page","status-publish","hentry"],"_links":{"self":[{"href":"https:\/\/bansenjukuliege.be\/index.php\/wp-json\/wp\/v2\/pages\/18","targetHints":{"allow":["GET"]}}],"collection":[{"href":"https:\/\/bansenjukuliege.be\/index.php\/wp-json\/wp\/v2\/pages"}],"about":[{"href":"https:\/\/bansenjukuliege.be\/index.php\/wp-json\/wp\/v2\/types\/page"}],"author":[{"embeddable":true,"href":"https:\/\/bansenjukuliege.be\/index.php\/wp-json\/wp\/v2\/users\/1"}],"replies":[{"embeddable":true,"href":"https:\/\/bansenjukuliege.be\/index.php\/wp-json\/wp\/v2\/comments?post=18"}],"version-history":[{"count":3,"href":"https:\/\/bansenjukuliege.be\/index.php\/wp-json\/wp\/v2\/pages\/18\/revisions"}],"predecessor-version":[{"id":189,"href":"https:\/\/bansenjukuliege.be\/index.php\/wp-json\/wp\/v2\/pages\/18\/revisions\/189"}],"wp:attachment":[{"href":"https:\/\/bansenjukuliege.be\/index.php\/wp-json\/wp\/v2\/media?parent=18"}],"curies":[{"name":"wp","href":"https:\/\/api.w.org\/{rel}","templated":true}]}}